{"id":143,"date":"2021-03-01T16:40:34","date_gmt":"2021-03-01T15:40:34","guid":{"rendered":"http:\/\/bjvnelo.cluster030.hosting.ovh.net\/?page_id=143"},"modified":"2022-10-25T10:14:25","modified_gmt":"2022-10-25T08:14:25","slug":"idees-shopping","status":"publish","type":"page","link":"https:\/\/blog.easy-delivery.com\/en\/idees-shopping\/","title":{"rendered":"Shopping Idea"},"content":{"rendered":"<div data-elementor-type=\"wp-page\" data-elementor-id=\"143\" class=\"elementor elementor-143\" data-elementor-post-type=\"page\">\n\t\t\t\t\t\t<section class=\"elementor-section elementor-top-section elementor-element elementor-element-4829cd4 elementor-section-boxed elementor-section-height-default elementor-section-height-default\" data-id=\"4829cd4\" data-element_type=\"section\" data-e-type=\"section\">\n\t\t\t\t\t\t<div class=\"elementor-container elementor-column-gap-default\">\n\t\t\t\t\t<div class=\"elementor-column elementor-col-100 elementor-top-column elementor-element elementor-element-292ef2d\" data-id=\"292ef2d\" data-element_type=\"column\" data-e-type=\"column\">\n\t\t\t<div class=\"elementor-widget-wrap elementor-element-populated\">\n\t\t\t\t\t\t<div class=\"elementor-element elementor-element-099821d elementor-grid-eael-col-4 elementor-grid-tablet-eael-col-2 elementor-grid-mobile-eael-col-1 elementor-widget elementor-widget-eael-post-grid\" data-id=\"099821d\" data-element_type=\"widget\" data-e-type=\"widget\" data-settings=\"{&quot;eael_post_grid_columns&quot;:&quot;eael-col-4&quot;,&quot;eael_post_grid_columns_tablet&quot;:&quot;eael-col-2&quot;,&quot;eael_post_grid_columns_mobile&quot;:&quot;eael-col-1&quot;}\" data-widget_type=\"eael-post-grid.default\">\n\t\t\t\t<div class=\"elementor-widget-container\">\n\t\t\t\t\t<div id=\"eael-post-grid-099821d\" class=\"eael-post-grid-container\">\n            <div class=\"eael-post-grid eael-post-appender eael-post-appender-099821d eael-post-grid-style-one\" data-layout-mode=\"grid\"><article class=\"eael-grid-post  eael-post-grid-column eael-pg-post-32457 category-idees-shopping\" data-id=\"32457\">\n        <div class=\"eael-grid-post-holder\">\n            <div class=\"eael-grid-post-holder-inner\"><div class=\"eael-entry-media\"><div class=\"eael-entry-overlay fade-in\"><i class=\"fas fa-long-arrow-alt-right\" aria-hidden=\"true\"><\/i><a href=\"https:\/\/blog.easy-delivery.com\/en\/ou-trouver-des-objets-collectors-pop-culture\/\"><\/a><\/div><div class=\"eael-entry-thumbnail\">\n                <img fetchpriority=\"high\" decoding=\"async\" width=\"500\" height=\"250\" src=\"https:\/\/blog.easy-delivery.com\/wp-content\/uploads\/2025\/12\/Blog-5.jpg\" class=\"attachment-large size-large wp-image-32458\" alt=\"\" srcset=\"https:\/\/blog.easy-delivery.com\/wp-content\/uploads\/2025\/12\/Blog-5.jpg 500w, https:\/\/blog.easy-delivery.com\/wp-content\/uploads\/2025\/12\/Blog-5-300x150.jpg 300w, https:\/\/blog.easy-delivery.com\/wp-content\/uploads\/2025\/12\/Blog-5-18x9.jpg 18w, https:\/\/blog.easy-delivery.com\/wp-content\/uploads\/2025\/12\/Blog-5-400x200.jpg 400w\" sizes=\"(max-width: 500px) 100vw, 500px\" \/>\n            <\/div>\n        <\/div><div class=\"eael-entry-wrapper\"><header class=\"eael-entry-header\"><h6 class=\"eael-entry-title\"><a class=\"eael-grid-post-link\" href=\"https:\/\/blog.easy-delivery.com\/en\/ou-trouver-des-objets-collectors-pop-culture\/\" title=\"O\u00f9 trouver des objets collectors pop culture ?\">O\u00f9 trouver des objets collectors pop culture ?<\/a><\/h6><\/header><div class=\"eael-entry-content\">\n                        <div class=\"eael-grid-post-excerpt\"><p>Les \u00e9ditions limit\u00e9es, les...<\/p><a href=\"https:\/\/blog.easy-delivery.com\/en\/ou-trouver-des-objets-collectors-pop-culture\/\" class=\"eael-post-elements-readmore-btn\">Lire la suite<\/a><\/div>\n                    <\/div><div class=\"eael-entry-footer\"><div class=\"eael-entry-meta\"><\/div><\/div><\/div><\/div>\n        <\/div>\n    <\/article><article class=\"eael-grid-post  eael-post-grid-column eael-pg-post-32355 category-idees-shopping\" data-id=\"32355\">\n        <div class=\"eael-grid-post-holder\">\n            <div class=\"eael-grid-post-holder-inner\"><div class=\"eael-entry-media\"><div class=\"eael-entry-overlay fade-in\"><i class=\"fas fa-long-arrow-alt-right\" aria-hidden=\"true\"><\/i><a href=\"https:\/\/blog.easy-delivery.com\/en\/ou-trouver-les-trends-du-moment\/\"><\/a><\/div><div class=\"eael-entry-thumbnail\">\n                <img decoding=\"async\" width=\"500\" height=\"250\" src=\"https:\/\/blog.easy-delivery.com\/wp-content\/uploads\/2025\/06\/Blog-7.png\" class=\"attachment-large size-large wp-image-32356\" alt=\"\" srcset=\"https:\/\/blog.easy-delivery.com\/wp-content\/uploads\/2025\/06\/Blog-7.png 500w, https:\/\/blog.easy-delivery.com\/wp-content\/uploads\/2025\/06\/Blog-7-300x150.png 300w, https:\/\/blog.easy-delivery.com\/wp-content\/uploads\/2025\/06\/Blog-7-18x9.png 18w, https:\/\/blog.easy-delivery.com\/wp-content\/uploads\/2025\/06\/Blog-7-400x200.png 400w\" sizes=\"(max-width: 500px) 100vw, 500px\" \/>\n            <\/div>\n        <\/div><div class=\"eael-entry-wrapper\"><header class=\"eael-entry-header\"><h6 class=\"eael-entry-title\"><a class=\"eael-grid-post-link\" href=\"https:\/\/blog.easy-delivery.com\/en\/ou-trouver-les-trends-du-moment\/\" title=\"Where to find the latest trends?\">Where to find the latest trends?<\/a><\/h6><\/header><div class=\"eael-entry-content\">\n                        <div class=\"eael-grid-post-excerpt\"><p>Vous l\u2019avez s\u00fbrement vu...<\/p><a href=\"https:\/\/blog.easy-delivery.com\/en\/ou-trouver-les-trends-du-moment\/\" class=\"eael-post-elements-readmore-btn\">Lire la suite<\/a><\/div>\n                    <\/div><div class=\"eael-entry-footer\"><div class=\"eael-entry-meta\"><\/div><\/div><\/div><\/div>\n        <\/div>\n    <\/article><article class=\"eael-grid-post  eael-post-grid-column eael-pg-post-32335 category-idees-shopping\" data-id=\"32335\">\n        <div class=\"eael-grid-post-holder\">\n            <div class=\"eael-grid-post-holder-inner\"><div class=\"eael-entry-media\"><div class=\"eael-entry-overlay fade-in\"><i class=\"fas fa-long-arrow-alt-right\" aria-hidden=\"true\"><\/i><a href=\"https:\/\/blog.easy-delivery.com\/en\/notre-selection-amazon-de-mai\/\"><\/a><\/div><div class=\"eael-entry-thumbnail\">\n                <img decoding=\"async\" width=\"640\" height=\"400\" src=\"https:\/\/blog.easy-delivery.com\/wp-content\/uploads\/2025\/02\/Outre-Mer.jpg\" class=\"attachment-large size-large wp-image-32161\" alt=\"\" srcset=\"https:\/\/blog.easy-delivery.com\/wp-content\/uploads\/2025\/02\/Outre-Mer.jpg 640w, https:\/\/blog.easy-delivery.com\/wp-content\/uploads\/2025\/02\/Outre-Mer-300x188.jpg 300w, https:\/\/blog.easy-delivery.com\/wp-content\/uploads\/2025\/02\/Outre-Mer-18x12.jpg 18w, https:\/\/blog.easy-delivery.com\/wp-content\/uploads\/2025\/02\/Outre-Mer-600x375.jpg 600w, https:\/\/blog.easy-delivery.com\/wp-content\/uploads\/2025\/02\/Outre-Mer-400x250.jpg 400w\" sizes=\"(max-width: 640px) 100vw, 640px\" \/>\n            <\/div>\n        <\/div><div class=\"eael-entry-wrapper\"><header class=\"eael-entry-header\"><h6 class=\"eael-entry-title\"><a class=\"eael-grid-post-link\" href=\"https:\/\/blog.easy-delivery.com\/en\/notre-selection-amazon-de-mai\/\" title=\"Notre s\u00e9lection Amazon de Mai\">Notre s\u00e9lection Amazon de Mai<\/a><\/h6><\/header><div class=\"eael-entry-content\">\n                        <div class=\"eael-grid-post-excerpt\"><p>Le mois de mai...<\/p><a href=\"https:\/\/blog.easy-delivery.com\/en\/notre-selection-amazon-de-mai\/\" class=\"eael-post-elements-readmore-btn\">Lire la suite<\/a><\/div>\n                    <\/div><div class=\"eael-entry-footer\"><div class=\"eael-entry-meta\"><\/div><\/div><\/div><\/div>\n        <\/div>\n    <\/article><article class=\"eael-grid-post  eael-post-grid-column eael-pg-post-32300 category-idees-shopping\" data-id=\"32300\">\n        <div class=\"eael-grid-post-holder\">\n            <div class=\"eael-grid-post-holder-inner\"><div class=\"eael-entry-media\"><div class=\"eael-entry-overlay fade-in\"><i class=\"fas fa-long-arrow-alt-right\" aria-hidden=\"true\"><\/i><a href=\"https:\/\/blog.easy-delivery.com\/en\/notre-selection-amazon-de-mars-2\/\"><\/a><\/div><div class=\"eael-entry-thumbnail\">\n                <img decoding=\"async\" width=\"640\" height=\"400\" src=\"https:\/\/blog.easy-delivery.com\/wp-content\/uploads\/2025\/02\/Outre-Mer.jpg\" class=\"attachment-large size-large wp-image-32161\" alt=\"\" srcset=\"https:\/\/blog.easy-delivery.com\/wp-content\/uploads\/2025\/02\/Outre-Mer.jpg 640w, https:\/\/blog.easy-delivery.com\/wp-content\/uploads\/2025\/02\/Outre-Mer-300x188.jpg 300w, https:\/\/blog.easy-delivery.com\/wp-content\/uploads\/2025\/02\/Outre-Mer-18x12.jpg 18w, https:\/\/blog.easy-delivery.com\/wp-content\/uploads\/2025\/02\/Outre-Mer-600x375.jpg 600w, https:\/\/blog.easy-delivery.com\/wp-content\/uploads\/2025\/02\/Outre-Mer-400x250.jpg 400w\" sizes=\"(max-width: 640px) 100vw, 640px\" \/>\n            <\/div>\n        <\/div><div class=\"eael-entry-wrapper\"><header class=\"eael-entry-header\"><h6 class=\"eael-entry-title\"><a class=\"eael-grid-post-link\" href=\"https:\/\/blog.easy-delivery.com\/en\/notre-selection-amazon-de-mars-2\/\" title=\"Notre s\u00e9lection Amazon d&#8217;Avril\">Notre s\u00e9lection Amazon d&#8217;Avril<\/a><\/h6><\/header><div class=\"eael-entry-content\">\n                        <div class=\"eael-grid-post-excerpt\"><p>Le mois d\u2019avril d\u00e9marre...<\/p><a href=\"https:\/\/blog.easy-delivery.com\/en\/notre-selection-amazon-de-mars-2\/\" class=\"eael-post-elements-readmore-btn\">Lire la suite<\/a><\/div>\n                    <\/div><div class=\"eael-entry-footer\"><div class=\"eael-entry-meta\"><\/div><\/div><\/div><\/div>\n        <\/div>\n    <\/article><\/div>\n            <div class=\"clearfix\"><\/div>\n        <\/div>            <div class=\"eael-load-more-button-wrap\">\n                <button class=\"eael-load-more-button\" id=\"eael-load-more-btn-099821d\" data-widget-id=\"099821d\" data-widget=\"099821d\" data-page-id=\"143\" data-template=\"{&quot;dir&quot;:&quot;lite&quot;,&quot;file_name&quot;:&quot;one.php&quot;,&quot;name&quot;:&quot;Post-Grid&quot;}\" data-class=\"Essential_Addons_Elementor\\Elements\\Post_Grid\" data-layout=\"grid\" data-page=\"1\" data-args=\"orderby=date&amp;order=desc&amp;ignore_sticky_posts=1&amp;post_status=publish&amp;posts_per_page=4&amp;offset=0&amp;post_type=post&amp;tax_query%5B0%5D%5Btaxonomy%5D=category&amp;tax_query%5B0%5D%5Bfield%5D=term_id&amp;tax_query%5B0%5D%5Bterms%5D%5B0%5D=10&amp;tax_query%5Brelation%5D=AND\" data-max-page=\"21\">\n                    <span class=\"eael-btn-loader button__loader\"><\/span>\n                    <span class=\"eael_load_more_text\">Plus d&#039;articles<\/span>\n                <\/button>\n            <\/div>\n            \t\t\t\t<\/div>\n\t\t\t\t<\/div>\n\t\t\t\t\t<\/div>\n\t\t<\/div>\n\t\t\t\t\t<\/div>\n\t\t<\/section>\n\t\t\t\t<\/div>","protected":false},"excerpt":{"rendered":"<p>5 marques originales de sport \u00e0 d\u00e9couvrir 5 marques de sport&#8230; Lire la suite Nouveau partenaire am\u00e9ricain : Gibson &amp; Dehn Shopping USA : Gibson&#8230; Lire la suite Shopping USA : 5 marques d\u2019accessoires mode Shopping USA : 5&#8230; Lire la suite D\u00e9couvrez les \u00e9quivalents de marques Fran\u00e7aises aux USA Equivalents de marques fran\u00e7aises&#8230; Lire [&hellip;]<\/p>\n","protected":false},"author":1,"featured_media":0,"parent":0,"menu_order":0,"comment_status":"open","ping_status":"closed","template":"elementor_header_footer","meta":{"_eb_attr":"","footnotes":""},"class_list":["post-143","page","type-page","status-publish"],"yoast_head":"<!-- This site is optimized with the Yoast SEO plugin v27.4 - https:\/\/yoast.com\/product\/yoast-seo-wordpress\/ -->\n<title>Id\u00e9es Shopping - Easy Delivery<\/title>\n<meta name=\"description\" content=\"Faites votre shopping depuis la France et les Etats-Unis avec le service de r\u00e9exp\u00e9dition Easy Delivery ! Inscription gratuite.\" \/>\n<meta name=\"robots\" content=\"index, follow, max-snippet:-1, max-image-preview:large, max-video-preview:-1\" \/>\n<link rel=\"canonical\" href=\"https:\/\/blog.easy-delivery.com\/en\/idees-shopping\/\" \/>\n<meta property=\"og:locale\" content=\"en_US\" \/>\n<meta property=\"og:type\" content=\"article\" \/>\n<meta property=\"og:title\" content=\"Id\u00e9es Shopping - Easy Delivery\" \/>\n<meta property=\"og:description\" content=\"Faites votre shopping depuis la France et les Etats-Unis avec le service de r\u00e9exp\u00e9dition Easy Delivery ! Inscription gratuite.\" \/>\n<meta property=\"og:url\" content=\"https:\/\/blog.easy-delivery.com\/en\/idees-shopping\/\" \/>\n<meta property=\"og:site_name\" content=\"Easy Delivery\" \/>\n<meta property=\"article:modified_time\" content=\"2022-10-25T08:14:25+00:00\" \/>\n<meta property=\"og:image\" content=\"https:\/\/blog.easy-delivery.com\/wp-content\/uploads\/2021\/04\/Sans-titre-6-1024x683.png\" \/>\n<meta name=\"twitter:card\" content=\"summary_large_image\" \/>\n<meta name=\"twitter:label1\" content=\"Est. reading time\" \/>\n\t<meta name=\"twitter:data1\" content=\"2 minutes\" \/>\n<!-- \/ Yoast SEO plugin. -->","yoast_head_json":{"title":"Id\u00e9es Shopping - Easy Delivery","description":"Faites votre shopping depuis la France et les Etats-Unis avec le service de r\u00e9exp\u00e9dition Easy Delivery ! Inscription gratuite.","robots":{"index":"index","follow":"follow","max-snippet":"max-snippet:-1","max-image-preview":"max-image-preview:large","max-video-preview":"max-video-preview:-1"},"canonical":"https:\/\/blog.easy-delivery.com\/en\/idees-shopping\/","og_locale":"en_US","og_type":"article","og_title":"Id\u00e9es Shopping - Easy Delivery","og_description":"Faites votre shopping depuis la France et les Etats-Unis avec le service de r\u00e9exp\u00e9dition Easy Delivery ! Inscription gratuite.","og_url":"https:\/\/blog.easy-delivery.com\/en\/idees-shopping\/","og_site_name":"Easy Delivery","article_modified_time":"2022-10-25T08:14:25+00:00","og_image":[{"url":"https:\/\/blog.easy-delivery.com\/wp-content\/uploads\/2021\/04\/Sans-titre-6-1024x683.png","type":"","width":"","height":""}],"twitter_card":"summary_large_image","twitter_misc":{"Est. reading time":"2 minutes"},"schema":{"@context":"https:\/\/schema.org","@graph":[{"@type":"WebPage","@id":"https:\/\/blog.easy-delivery.com\/idees-shopping\/","url":"https:\/\/blog.easy-delivery.com\/idees-shopping\/","name":"Id\u00e9es Shopping - Easy Delivery","isPartOf":{"@id":"http:\/\/blog.easy-delivery.com\/#website"},"primaryImageOfPage":{"@id":"https:\/\/blog.easy-delivery.com\/idees-shopping\/#primaryimage"},"image":{"@id":"https:\/\/blog.easy-delivery.com\/idees-shopping\/#primaryimage"},"thumbnailUrl":"https:\/\/blog.easy-delivery.com\/wp-content\/uploads\/2021\/04\/Sans-titre-6-1024x683.png","datePublished":"2021-03-01T15:40:34+00:00","dateModified":"2022-10-25T08:14:25+00:00","description":"Faites votre shopping depuis la France et les Etats-Unis avec le service de r\u00e9exp\u00e9dition Easy Delivery ! Inscription gratuite.","breadcrumb":{"@id":"https:\/\/blog.easy-delivery.com\/idees-shopping\/#breadcrumb"},"inLanguage":"en-US","potentialAction":[{"@type":"ReadAction","target":["https:\/\/blog.easy-delivery.com\/idees-shopping\/"]}]},{"@type":"ImageObject","inLanguage":"en-US","@id":"https:\/\/blog.easy-delivery.com\/idees-shopping\/#primaryimage","url":"https:\/\/blog.easy-delivery.com\/wp-content\/uploads\/2021\/04\/Sans-titre-6-1024x683.png","contentUrl":"https:\/\/blog.easy-delivery.com\/wp-content\/uploads\/2021\/04\/Sans-titre-6-1024x683.png"},{"@type":"BreadcrumbList","@id":"https:\/\/blog.easy-delivery.com\/idees-shopping\/#breadcrumb","itemListElement":[{"@type":"ListItem","position":1,"name":"Accueil","item":"http:\/\/blog.easy-delivery.com\/"},{"@type":"ListItem","position":2,"name":"Id\u00e9es Shopping"}]},{"@type":"WebSite","@id":"http:\/\/blog.easy-delivery.com\/#website","url":"http:\/\/blog.easy-delivery.com\/","name":"Easy Delivery","description":"Achetez en France ou aux \u00c9tats-Unis. Nous livrons dans le monde entier !","publisher":{"@id":"http:\/\/blog.easy-delivery.com\/#organization"},"potentialAction":[{"@type":"SearchAction","target":{"@type":"EntryPoint","urlTemplate":"http:\/\/blog.easy-delivery.com\/?s={search_term_string}"},"query-input":{"@type":"PropertyValueSpecification","valueRequired":true,"valueName":"search_term_string"}}],"inLanguage":"en-US"},{"@type":"Organization","@id":"http:\/\/blog.easy-delivery.com\/#organization","name":"Easy Delivery","url":"http:\/\/blog.easy-delivery.com\/","logo":{"@type":"ImageObject","inLanguage":"en-US","@id":"http:\/\/blog.easy-delivery.com\/#\/schema\/logo\/image\/","url":"https:\/\/blog.easy-delivery.com\/wp-content\/uploads\/2021\/02\/logo-sans-titre_Plan-de-travail-1_Plan-de-travail-1.png","contentUrl":"https:\/\/blog.easy-delivery.com\/wp-content\/uploads\/2021\/02\/logo-sans-titre_Plan-de-travail-1_Plan-de-travail-1.png","width":156,"height":166,"caption":"Easy Delivery"},"image":{"@id":"http:\/\/blog.easy-delivery.com\/#\/schema\/logo\/image\/"}}]}},"_links":{"self":[{"href":"https:\/\/blog.easy-delivery.com\/en\/wp-json\/wp\/v2\/pages\/143","targetHints":{"allow":["GET"]}}],"collection":[{"href":"https:\/\/blog.easy-delivery.com\/en\/wp-json\/wp\/v2\/pages"}],"about":[{"href":"https:\/\/blog.easy-delivery.com\/en\/wp-json\/wp\/v2\/types\/page"}],"author":[{"embeddable":true,"href":"https:\/\/blog.easy-delivery.com\/en\/wp-json\/wp\/v2\/users\/1"}],"replies":[{"embeddable":true,"href":"https:\/\/blog.easy-delivery.com\/en\/wp-json\/wp\/v2\/comments?post=143"}],"version-history":[{"count":63,"href":"https:\/\/blog.easy-delivery.com\/en\/wp-json\/wp\/v2\/pages\/143\/revisions"}],"predecessor-version":[{"id":17293,"href":"https:\/\/blog.easy-delivery.com\/en\/wp-json\/wp\/v2\/pages\/143\/revisions\/17293"}],"wp:attachment":[{"href":"https:\/\/blog.easy-delivery.com\/en\/wp-json\/wp\/v2\/media?parent=143"}],"curies":[{"name":"wp","href":"https:\/\/api.w.org\/{rel}","templated":true}]}}