{"id":632,"date":"2021-03-17T16:14:55","date_gmt":"2021-03-17T15:14:55","guid":{"rendered":"http:\/\/bjvnelo.cluster030.hosting.ovh.net\/?page_id=632"},"modified":"2025-08-22T14:38:45","modified_gmt":"2025-08-22T12:38:45","slug":"mentions-legales","status":"publish","type":"page","link":"https:\/\/blog.easy-delivery.com\/en\/mentions-legales\/","title":{"rendered":"Terms of use"},"content":{"rendered":"<div data-elementor-type=\"wp-page\" data-elementor-id=\"632\" class=\"elementor elementor-632\" data-elementor-post-type=\"page\">\n\t\t\t\t\t\t<section class=\"elementor-section elementor-top-section elementor-element elementor-element-4725d6ba elementor-section-boxed elementor-section-height-default elementor-section-height-default\" data-id=\"4725d6ba\" data-element_type=\"section\" data-e-type=\"section\">\n\t\t\t\t\t\t<div class=\"elementor-container elementor-column-gap-default\">\n\t\t\t\t\t<div class=\"elementor-column elementor-col-100 elementor-top-column elementor-element elementor-element-1060b45c\" data-id=\"1060b45c\" data-element_type=\"column\" data-e-type=\"column\">\n\t\t\t<div class=\"elementor-widget-wrap elementor-element-populated\">\n\t\t\t\t\t\t<div class=\"elementor-element elementor-element-13fc9554 elementor-widget elementor-widget-text-editor\" data-id=\"13fc9554\" data-element_type=\"widget\" data-e-type=\"widget\" data-widget_type=\"text-editor.default\">\n\t\t\t\t<div class=\"elementor-widget-container\">\n\t\t\t\t\t\t\t\t\t<h2>Site \u00e9dit\u00e9 par<\/h2>\n<p><!-- \/wp:heading --><\/p>\n<p><!-- wp:paragraph --><\/p>\n<p>TSN SAS<br \/>33 Boulevard Tisseron 13014 Marseille<br \/>T\u00e9l : +33 412333630<br \/>Email : sales@easy-delivery.com<br \/>SAS au capital de 10 000,00 euros<br \/>RCS : 800 715 256<\/p>\n<p><!-- \/wp:paragraph --><\/p>\n<p><!-- wp:heading --><\/p>\n<h2>R\u00e9daction et publication<\/h2>\n<p><!-- \/wp:heading --><\/p>\n<p><!-- wp:paragraph --><\/p>\n<p>Thomas Pair\u00e9, Pr\u00e9sident<br \/><a href=\"https:\/\/www.generation-net.org\/fr\/\" target=\"_blank\" rel=\"noreferrer noopener\">G\u00e9n\u00e9ration Internet &#8211; agence web \u00e0 Nantes<\/a><\/p>\n<p><!-- \/wp:paragraph --><\/p>\n<p><!-- wp:heading --><\/p>\n<h2>H\u00e9bergeur<\/h2>\n<p><!-- \/wp:heading --><\/p>\n<p><!-- wp:paragraph --><\/p>\n<p>OVH<br \/>2 rue Kellermann<br \/>59100 Roubaix \u2013\u2013 Tourcoing<br \/>T\u00e9l\u00e9phone : +33 9 72 10 10 07<\/p>\n<p><!-- \/wp:paragraph --><\/p>\n<p><!-- wp:heading --><\/p>\n<h2>Informatique et libert\u00e9s<\/h2>\n<p><!-- \/wp:heading --><\/p>\n<p><!-- wp:paragraph --><\/p>\n<p>Vous \u00eates inform\u00e9(e) que les informations que vous communiquez notamment du fait des formulaires qui sont pr\u00e9sents sur ce site permettent de r\u00e9pondre \u00e0 vos demande et sont uniquement destin\u00e9es \u00e0 easy-delivery.com, en tant que responsable du traitement, \u00e0 des fins de gestion administrative et commerciale.<\/p>\n<p><!-- \/wp:paragraph --><\/p>\n<p><!-- wp:paragraph --><\/p>\n<p>Vous disposez, conform\u00e9ment \u00e0 la loi fran\u00e7aise n\u00b078-17 du 6 janvier 1978 modifi\u00e9e relative \u00e0 l\u2019informatique, aux fichiers et aux libert\u00e9s, d\u2019un droit d\u2019acc\u00e8s, de rectification et de suppression (d\u00e9sabonnement) en nous contactant par courrier \u00e0 l\u2019adresse suivante :<\/p>\n<p><!-- \/wp:paragraph --><\/p>\n<p><!-- wp:paragraph --><\/p>\n<p>TSN, 33 Boulevard Tisseron 13014 Marseille<\/p>\n<p><!-- \/wp:paragraph --><\/p>\n<p><!-- wp:heading --><\/p>\n<h2>Politique de confidentialit\u00e9<\/h2>\n<p><!-- \/wp:heading --><\/p>\n<p><!-- wp:paragraph --><\/p>\n<p>Conform\u00e9ment \u00e0 la loi Informatique et Libert\u00e9 du 6 janvier 1978, les informations collect\u00e9es par le pr\u00e9sent formulaire sont indispensables \u00e0 Easy-Delivery pour traiter et ex\u00e9cuter vos demandes. Les informations qui vous concernent sont destin\u00e9es \u00e0 Easy-Delivery appartenant \u00e0 TSN.<\/p>\n<p><!-- \/wp:paragraph --><\/p>\n<p><!-- wp:paragraph --><\/p>\n<p>Toutes question dans ce domaine, ainsi que les droits d\u2019opposition, d\u2019acc\u00e8s, de rectification et de suppression portant sur ces informations, s\u2019exerce aupr\u00e8s de TSN \u00e0 l\u2019adresse suivante : 7 Avenue Andr\u00e9 Roussin, 13016 Marseille.<br \/>Email : communication@easy-delivery.com<br \/>TSN est susceptible de vous transmettre par email des messages d\u2019information concernant des produits ou des services susceptibles de vous int\u00e9resser via ses marques. Si vous ne souhaitez pas recevoir de tels messages, il vous est possible d\u2019adresser un mail en r\u00e9ponse \u00e0 TSN comportant la mention \u00ab stop envoi \u00bb en sujet. TSN cessera automatiquement de vous adresser ces messages. TSN ne communique \u00e0 aucun tiers les donn\u00e9es personnelles saisies sur le pr\u00e9sent formulaire.<\/p>\n<p><!-- \/wp:paragraph --><\/p>\t\t\t\t\t\t\t\t<\/div>\n\t\t\t\t<\/div>\n\t\t\t\t\t<\/div>\n\t\t<\/div>\n\t\t\t\t\t<\/div>\n\t\t<\/section>\n\t\t\t\t<\/div>","protected":false},"excerpt":{"rendered":"<p>Site \u00e9dit\u00e9 par TSN SAS33 Boulevard Tisseron 13014 MarseilleT\u00e9l : +33 412333630Email : sales@easy-delivery.comSAS au capital de 10 000,00 eurosRCS : 800 715 256 R\u00e9daction et publication Thomas Pair\u00e9, Pr\u00e9sidentG\u00e9n\u00e9ration Internet &#8211; agence web \u00e0 Nantes H\u00e9bergeur OVH2 rue Kellermann59100 Roubaix \u2013\u2013 TourcoingT\u00e9l\u00e9phone : +33 9 72 10 10 07 Informatique et libert\u00e9s Vous \u00eates [&hellip;]<\/p>\n","protected":false},"author":1,"featured_media":0,"parent":0,"menu_order":0,"comment_status":"open","ping_status":"closed","template":"","meta":{"_eb_attr":"","footnotes":""},"class_list":{"0":"post-632","1":"page","2":"type-page","3":"status-publish","5":"noThumb"},"yoast_head":"<!-- This site is optimized with the Yoast SEO plugin v27.4 - https:\/\/yoast.com\/product\/yoast-seo-wordpress\/ -->\n<title>Mentions l\u00e9gales - Easy Delivery<\/title>\n<meta name=\"robots\" content=\"index, follow, max-snippet:-1, max-image-preview:large, max-video-preview:-1\" \/>\n<link rel=\"canonical\" href=\"https:\/\/blog.easy-delivery.com\/en\/mentions-legales\/\" \/>\n<meta property=\"og:locale\" content=\"en_US\" \/>\n<meta property=\"og:type\" content=\"article\" \/>\n<meta property=\"og:title\" content=\"Mentions l\u00e9gales - Easy Delivery\" \/>\n<meta property=\"og:description\" content=\"Site \u00e9dit\u00e9 par TSN SAS33 Boulevard Tisseron 13014 MarseilleT\u00e9l : +33 412333630Email : sales@easy-delivery.comSAS au capital de 10 000,00 eurosRCS : 800 715 256 R\u00e9daction et publication Thomas Pair\u00e9, Pr\u00e9sidentG\u00e9n\u00e9ration Internet &#8211; agence web \u00e0 Nantes H\u00e9bergeur OVH2 rue Kellermann59100 Roubaix \u2013\u2013 TourcoingT\u00e9l\u00e9phone : +33 9 72 10 10 07 Informatique et libert\u00e9s Vous \u00eates [&hellip;]\" \/>\n<meta property=\"og:url\" content=\"https:\/\/blog.easy-delivery.com\/en\/mentions-legales\/\" \/>\n<meta property=\"og:site_name\" content=\"Easy Delivery\" \/>\n<meta property=\"article:modified_time\" content=\"2025-08-22T12:38:45+00:00\" \/>\n<meta name=\"twitter:card\" content=\"summary_large_image\" \/>\n<meta name=\"twitter:label1\" content=\"Est. reading time\" \/>\n\t<meta name=\"twitter:data1\" content=\"2 minutes\" \/>\n<!-- \/ Yoast SEO plugin. -->","yoast_head_json":{"title":"Mentions l\u00e9gales - Easy Delivery","robots":{"index":"index","follow":"follow","max-snippet":"max-snippet:-1","max-image-preview":"max-image-preview:large","max-video-preview":"max-video-preview:-1"},"canonical":"https:\/\/blog.easy-delivery.com\/en\/mentions-legales\/","og_locale":"en_US","og_type":"article","og_title":"Mentions l\u00e9gales - Easy Delivery","og_description":"Site \u00e9dit\u00e9 par TSN SAS33 Boulevard Tisseron 13014 MarseilleT\u00e9l : +33 412333630Email : sales@easy-delivery.comSAS au capital de 10 000,00 eurosRCS : 800 715 256 R\u00e9daction et publication Thomas Pair\u00e9, Pr\u00e9sidentG\u00e9n\u00e9ration Internet &#8211; agence web \u00e0 Nantes H\u00e9bergeur OVH2 rue Kellermann59100 Roubaix \u2013\u2013 TourcoingT\u00e9l\u00e9phone : +33 9 72 10 10 07 Informatique et libert\u00e9s Vous \u00eates [&hellip;]","og_url":"https:\/\/blog.easy-delivery.com\/en\/mentions-legales\/","og_site_name":"Easy Delivery","article_modified_time":"2025-08-22T12:38:45+00:00","twitter_card":"summary_large_image","twitter_misc":{"Est. reading time":"2 minutes"},"schema":{"@context":"https:\/\/schema.org","@graph":[{"@type":"WebPage","@id":"https:\/\/blog.easy-delivery.com\/mentions-legales\/","url":"https:\/\/blog.easy-delivery.com\/mentions-legales\/","name":"Mentions l\u00e9gales - Easy Delivery","isPartOf":{"@id":"http:\/\/blog.easy-delivery.com\/#website"},"datePublished":"2021-03-17T15:14:55+00:00","dateModified":"2025-08-22T12:38:45+00:00","breadcrumb":{"@id":"https:\/\/blog.easy-delivery.com\/mentions-legales\/#breadcrumb"},"inLanguage":"en-US","potentialAction":[{"@type":"ReadAction","target":["https:\/\/blog.easy-delivery.com\/mentions-legales\/"]}]},{"@type":"BreadcrumbList","@id":"https:\/\/blog.easy-delivery.com\/mentions-legales\/#breadcrumb","itemListElement":[{"@type":"ListItem","position":1,"name":"Accueil","item":"http:\/\/blog.easy-delivery.com\/"},{"@type":"ListItem","position":2,"name":"Mentions l\u00e9gales"}]},{"@type":"WebSite","@id":"http:\/\/blog.easy-delivery.com\/#website","url":"http:\/\/blog.easy-delivery.com\/","name":"Easy Delivery","description":"Achetez en France ou aux \u00c9tats-Unis. Nous livrons dans le monde entier !","publisher":{"@id":"http:\/\/blog.easy-delivery.com\/#organization"},"potentialAction":[{"@type":"SearchAction","target":{"@type":"EntryPoint","urlTemplate":"http:\/\/blog.easy-delivery.com\/?s={search_term_string}"},"query-input":{"@type":"PropertyValueSpecification","valueRequired":true,"valueName":"search_term_string"}}],"inLanguage":"en-US"},{"@type":"Organization","@id":"http:\/\/blog.easy-delivery.com\/#organization","name":"Easy Delivery","url":"http:\/\/blog.easy-delivery.com\/","logo":{"@type":"ImageObject","inLanguage":"en-US","@id":"http:\/\/blog.easy-delivery.com\/#\/schema\/logo\/image\/","url":"https:\/\/blog.easy-delivery.com\/wp-content\/uploads\/2021\/02\/logo-sans-titre_Plan-de-travail-1_Plan-de-travail-1.png","contentUrl":"https:\/\/blog.easy-delivery.com\/wp-content\/uploads\/2021\/02\/logo-sans-titre_Plan-de-travail-1_Plan-de-travail-1.png","width":156,"height":166,"caption":"Easy Delivery"},"image":{"@id":"http:\/\/blog.easy-delivery.com\/#\/schema\/logo\/image\/"}}]}},"_links":{"self":[{"href":"https:\/\/blog.easy-delivery.com\/en\/wp-json\/wp\/v2\/pages\/632","targetHints":{"allow":["GET"]}}],"collection":[{"href":"https:\/\/blog.easy-delivery.com\/en\/wp-json\/wp\/v2\/pages"}],"about":[{"href":"https:\/\/blog.easy-delivery.com\/en\/wp-json\/wp\/v2\/types\/page"}],"author":[{"embeddable":true,"href":"https:\/\/blog.easy-delivery.com\/en\/wp-json\/wp\/v2\/users\/1"}],"replies":[{"embeddable":true,"href":"https:\/\/blog.easy-delivery.com\/en\/wp-json\/wp\/v2\/comments?post=632"}],"version-history":[{"count":14,"href":"https:\/\/blog.easy-delivery.com\/en\/wp-json\/wp\/v2\/pages\/632\/revisions"}],"predecessor-version":[{"id":32394,"href":"https:\/\/blog.easy-delivery.com\/en\/wp-json\/wp\/v2\/pages\/632\/revisions\/32394"}],"wp:attachment":[{"href":"https:\/\/blog.easy-delivery.com\/en\/wp-json\/wp\/v2\/media?parent=632"}],"curies":[{"name":"wp","href":"https:\/\/api.w.org\/{rel}","templated":true}]}}